{"id":664,"date":"2025-04-04T12:48:43","date_gmt":"2025-04-04T12:48:43","guid":{"rendered":"https:\/\/www.dassaultwineestates.com\/chateau-la-fleur\/"},"modified":"2026-02-10T15:40:46","modified_gmt":"2026-02-10T15:40:46","slug":"chateau-la-fleur","status":"publish","type":"page","link":"https:\/\/www.dassaultwineestates.com\/en\/chateau-la-fleur\/","title":{"rendered":"Ch\u00e2teau La Fleur"},"content":{"rendered":"","protected":false},"excerpt":{"rendered":"","protected":false},"author":1,"featured_media":0,"parent":0,"menu_order":0,"comment_status":"closed","ping_status":"closed","template":"templates\/page-builder.php","meta":{"_acf_changed":false,"footnotes":""},"class_list":["post-664","page","type-page","status-publish","hentry"],"acf":[],"yoast_head":"<!-- This site is optimized with the Yoast SEO plugin v26.0 - https:\/\/yoast.com\/wordpress\/plugins\/seo\/ -->\n<title>Ch\u00e2teau La Fleur \u2013 Saint-\u00c9milion Grand Cru | Dassault Wine Estates<\/title>\n<meta name=\"description\" content=\"Ch\u00e2teau La Fleur , Saint-\u00c9milion Grand Cru, produces deep and vibrant wines from 22 hectares of clay-limestone soils. Plot-based vinification, aging in amphorae, HVE3 &amp; Bee Friendly environmental commitment\" \/>\n<meta name=\"robots\" content=\"index, follow, max-snippet:-1, max-image-preview:large, max-video-preview:-1\" \/>\n<link rel=\"canonical\" href=\"https:\/\/www.dassaultwineestates.com\/en\/chateau-la-fleur\/\" \/>\n<meta property=\"og:locale\" content=\"en_US\" \/>\n<meta property=\"og:type\" content=\"article\" \/>\n<meta property=\"og:title\" content=\"Ch\u00e2teau La Fleur \u2013 Saint-\u00c9milion Grand Cru | Dassault Wine Estates\" \/>\n<meta property=\"og:description\" content=\"Ch\u00e2teau La Fleur , Saint-\u00c9milion Grand Cru, produces deep and vibrant wines from 22 hectares of clay-limestone soils. Plot-based vinification, aging in amphorae, HVE3 &amp; Bee Friendly environmental commitment\" \/>\n<meta property=\"og:url\" content=\"https:\/\/www.dassaultwineestates.com\/en\/chateau-la-fleur\/\" \/>\n<meta property=\"og:site_name\" content=\"Dassault Wine Estates\" \/>\n<meta property=\"article:modified_time\" content=\"2026-02-10T15:40:46+00:00\" \/>\n<meta name=\"twitter:card\" content=\"summary_large_image\" \/>\n<script type=\"application\/ld+json\" class=\"yoast-schema-graph\">{\"@context\":\"https:\/\/schema.org\",\"@graph\":[{\"@type\":\"WebPage\",\"@id\":\"https:\/\/www.dassaultwineestates.com\/en\/chateau-la-fleur\/\",\"url\":\"https:\/\/www.dassaultwineestates.com\/en\/chateau-la-fleur\/\",\"name\":\"Ch\u00e2teau La Fleur \u2013 Saint-\u00c9milion Grand Cru | Dassault Wine Estates\",\"isPartOf\":{\"@id\":\"https:\/\/www.dassaultwineestates.com\/#website\"},\"datePublished\":\"2025-04-04T12:48:43+00:00\",\"dateModified\":\"2026-02-10T15:40:46+00:00\",\"description\":\"Ch\u00e2teau La Fleur , Saint-\u00c9milion Grand Cru, produces deep and vibrant wines from 22 hectares of clay-limestone soils. Plot-based vinification, aging in amphorae, HVE3 & Bee Friendly environmental commitment\",\"breadcrumb\":{\"@id\":\"https:\/\/www.dassaultwineestates.com\/en\/chateau-la-fleur\/#breadcrumb\"},\"inLanguage\":\"en-US\",\"potentialAction\":[{\"@type\":\"ReadAction\",\"target\":[\"https:\/\/www.dassaultwineestates.com\/en\/chateau-la-fleur\/\"]}]},{\"@type\":\"BreadcrumbList\",\"@id\":\"https:\/\/www.dassaultwineestates.com\/en\/chateau-la-fleur\/#breadcrumb\",\"itemListElement\":[{\"@type\":\"ListItem\",\"position\":1,\"name\":\"Accueil\",\"item\":\"https:\/\/www.dassaultwineestates.com\/en\/\"},{\"@type\":\"ListItem\",\"position\":2,\"name\":\"Ch\u00e2teau La Fleur\"}]},{\"@type\":\"WebSite\",\"@id\":\"https:\/\/www.dassaultwineestates.com\/#website\",\"url\":\"https:\/\/www.dassaultwineestates.com\/\",\"name\":\"Dassault Wines\",\"description\":\"\",\"potentialAction\":[{\"@type\":\"SearchAction\",\"target\":{\"@type\":\"EntryPoint\",\"urlTemplate\":\"https:\/\/www.dassaultwineestates.com\/?s={search_term_string}\"},\"query-input\":{\"@type\":\"PropertyValueSpecification\",\"valueRequired\":true,\"valueName\":\"search_term_string\"}}],\"inLanguage\":\"en-US\"}]}<\/script>\n<!-- \/ Yoast SEO plugin. -->","yoast_head_json":{"title":"Ch\u00e2teau La Fleur \u2013 Saint-\u00c9milion Grand Cru | Dassault Wine Estates","description":"Ch\u00e2teau La Fleur , Saint-\u00c9milion Grand Cru, produces deep and vibrant wines from 22 hectares of clay-limestone soils. Plot-based vinification, aging in amphorae, HVE3 & Bee Friendly environmental commitment","robots":{"index":"index","follow":"follow","max-snippet":"max-snippet:-1","max-image-preview":"max-image-preview:large","max-video-preview":"max-video-preview:-1"},"canonical":"https:\/\/www.dassaultwineestates.com\/en\/chateau-la-fleur\/","og_locale":"en_US","og_type":"article","og_title":"Ch\u00e2teau La Fleur \u2013 Saint-\u00c9milion Grand Cru | Dassault Wine Estates","og_description":"Ch\u00e2teau La Fleur , Saint-\u00c9milion Grand Cru, produces deep and vibrant wines from 22 hectares of clay-limestone soils. Plot-based vinification, aging in amphorae, HVE3 & Bee Friendly environmental commitment","og_url":"https:\/\/www.dassaultwineestates.com\/en\/chateau-la-fleur\/","og_site_name":"Dassault Wine Estates","article_modified_time":"2026-02-10T15:40:46+00:00","twitter_card":"summary_large_image","schema":{"@context":"https:\/\/schema.org","@graph":[{"@type":"WebPage","@id":"https:\/\/www.dassaultwineestates.com\/en\/chateau-la-fleur\/","url":"https:\/\/www.dassaultwineestates.com\/en\/chateau-la-fleur\/","name":"Ch\u00e2teau La Fleur \u2013 Saint-\u00c9milion Grand Cru | Dassault Wine Estates","isPartOf":{"@id":"https:\/\/www.dassaultwineestates.com\/#website"},"datePublished":"2025-04-04T12:48:43+00:00","dateModified":"2026-02-10T15:40:46+00:00","description":"Ch\u00e2teau La Fleur , Saint-\u00c9milion Grand Cru, produces deep and vibrant wines from 22 hectares of clay-limestone soils. Plot-based vinification, aging in amphorae, HVE3 & Bee Friendly environmental commitment","breadcrumb":{"@id":"https:\/\/www.dassaultwineestates.com\/en\/chateau-la-fleur\/#breadcrumb"},"inLanguage":"en-US","potentialAction":[{"@type":"ReadAction","target":["https:\/\/www.dassaultwineestates.com\/en\/chateau-la-fleur\/"]}]},{"@type":"BreadcrumbList","@id":"https:\/\/www.dassaultwineestates.com\/en\/chateau-la-fleur\/#breadcrumb","itemListElement":[{"@type":"ListItem","position":1,"name":"Accueil","item":"https:\/\/www.dassaultwineestates.com\/en\/"},{"@type":"ListItem","position":2,"name":"Ch\u00e2teau La Fleur"}]},{"@type":"WebSite","@id":"https:\/\/www.dassaultwineestates.com\/#website","url":"https:\/\/www.dassaultwineestates.com\/","name":"Dassault Wines","description":"","potentialAction":[{"@type":"SearchAction","target":{"@type":"EntryPoint","urlTemplate":"https:\/\/www.dassaultwineestates.com\/?s={search_term_string}"},"query-input":{"@type":"PropertyValueSpecification","valueRequired":true,"valueName":"search_term_string"}}],"inLanguage":"en-US"}]}},"_links":{"self":[{"href":"https:\/\/www.dassaultwineestates.com\/en\/wp-json\/wp\/v2\/pages\/664","targetHints":{"allow":["GET"]}}],"collection":[{"href":"https:\/\/www.dassaultwineestates.com\/en\/wp-json\/wp\/v2\/pages"}],"about":[{"href":"https:\/\/www.dassaultwineestates.com\/en\/wp-json\/wp\/v2\/types\/page"}],"author":[{"embeddable":true,"href":"https:\/\/www.dassaultwineestates.com\/en\/wp-json\/wp\/v2\/users\/1"}],"replies":[{"embeddable":true,"href":"https:\/\/www.dassaultwineestates.com\/en\/wp-json\/wp\/v2\/comments?post=664"}],"version-history":[{"count":9,"href":"https:\/\/www.dassaultwineestates.com\/en\/wp-json\/wp\/v2\/pages\/664\/revisions"}],"predecessor-version":[{"id":1374,"href":"https:\/\/www.dassaultwineestates.com\/en\/wp-json\/wp\/v2\/pages\/664\/revisions\/1374"}],"wp:attachment":[{"href":"https:\/\/www.dassaultwineestates.com\/en\/wp-json\/wp\/v2\/media?parent=664"}],"curies":[{"name":"wp","href":"https:\/\/api.w.org\/{rel}","templated":true}]}}