{"id":660,"date":"2025-03-26T07:26:43","date_gmt":"2025-03-26T07:26:43","guid":{"rendered":"https:\/\/www.dassaultwineestates.com\/homepage\/"},"modified":"2026-01-30T08:36:27","modified_gmt":"2026-01-30T08:36:27","slug":"homepage","status":"publish","type":"page","link":"https:\/\/www.dassaultwineestates.com\/en\/","title":{"rendered":"Homepage"},"content":{"rendered":"","protected":false},"excerpt":{"rendered":"","protected":false},"author":1,"featured_media":0,"parent":0,"menu_order":0,"comment_status":"closed","ping_status":"closed","template":"templates\/page-builder.php","meta":{"_acf_changed":false,"footnotes":""},"class_list":["post-660","page","type-page","status-publish","hentry"],"acf":[],"yoast_head":"<!-- This site is optimized with the Yoast SEO plugin v26.0 - https:\/\/yoast.com\/wordpress\/plugins\/seo\/ -->\n<title>Dassault Wine Estates Two Grands Crus Class\u00e9s of Saint\u2011\u00c9milion<\/title>\n<meta name=\"description\" content=\"Discover the two Grands Crus Class\u00e9s of the Dassault family in Saint-\u00c9milion: Ch\u00e2teau Dassault, Ch\u00e2teau Faurie de Souchard and the Ch\u00e2teau La Fleur, combining tradition, innovation, and sustainability.\" \/>\n<meta name=\"robots\" content=\"index, follow, max-snippet:-1, max-image-preview:large, max-video-preview:-1\" \/>\n<link rel=\"canonical\" href=\"https:\/\/www.dassaultwineestates.com\/en\/\" \/>\n<meta property=\"og:locale\" content=\"en_US\" \/>\n<meta property=\"og:type\" content=\"article\" \/>\n<meta property=\"og:title\" content=\"Dassault Wine Estates\" \/>\n<meta property=\"og:description\" content=\"Discover the two Grands Crus Class\u00e9s of the Dassault family in Saint-\u00c9milion: Ch\u00e2teau Dassault, Ch\u00e2teau Faurie de Souchard and the Ch\u00e2teau La Fleur, combining tradition, innovation, and sustainability.\" \/>\n<meta property=\"og:url\" content=\"https:\/\/www.dassaultwineestates.com\/en\/\" \/>\n<meta property=\"og:site_name\" content=\"Dassault Wine Estates\" \/>\n<meta property=\"article:modified_time\" content=\"2026-01-30T08:36:27+00:00\" \/>\n<meta property=\"og:image\" content=\"https:\/\/www.dassaultwineestates.com\/wp-content\/uploads\/2025\/04\/article-image-01.webp\" \/>\n\t<meta property=\"og:image:width\" content=\"469\" \/>\n\t<meta property=\"og:image:height\" content=\"630\" \/>\n\t<meta property=\"og:image:type\" content=\"image\/webp\" \/>\n<meta name=\"twitter:card\" content=\"summary_large_image\" \/>\n<meta name=\"twitter:title\" content=\"Dassault Wine Estates\" \/>\n<meta name=\"twitter:description\" content=\"Discover the two Grands Crus Class\u00e9s of the Dassault family in Saint-\u00c9milion: Ch\u00e2teau Dassault, Ch\u00e2teau Faurie de Souchard and the Ch\u00e2teau La Fleur, combining tradition, innovation, and sustainability.\" \/>\n<meta name=\"twitter:image\" content=\"https:\/\/www.dassaultwineestates.com\/wp-content\/uploads\/2025\/04\/article-image-01.webp\" \/>\n<script type=\"application\/ld+json\" class=\"yoast-schema-graph\">{\"@context\":\"https:\/\/schema.org\",\"@graph\":[{\"@type\":\"WebPage\",\"@id\":\"https:\/\/www.dassaultwineestates.com\/en\/\",\"url\":\"https:\/\/www.dassaultwineestates.com\/en\/\",\"name\":\"Dassault Wine Estates Two Grands Crus Class\u00e9s of Saint\u2011\u00c9milion\",\"isPartOf\":{\"@id\":\"https:\/\/www.dassaultwineestates.com\/#website\"},\"datePublished\":\"2025-03-26T07:26:43+00:00\",\"dateModified\":\"2026-01-30T08:36:27+00:00\",\"description\":\"Discover the two Grands Crus Class\u00e9s of the Dassault family in Saint-\u00c9milion: Ch\u00e2teau Dassault, Ch\u00e2teau Faurie de Souchard and the Ch\u00e2teau La Fleur, combining tradition, innovation, and sustainability.\",\"breadcrumb\":{\"@id\":\"https:\/\/www.dassaultwineestates.com\/en\/#breadcrumb\"},\"inLanguage\":\"en-US\",\"potentialAction\":[{\"@type\":\"ReadAction\",\"target\":[\"https:\/\/www.dassaultwineestates.com\/en\/\"]}]},{\"@type\":\"BreadcrumbList\",\"@id\":\"https:\/\/www.dassaultwineestates.com\/en\/#breadcrumb\",\"itemListElement\":[{\"@type\":\"ListItem\",\"position\":1,\"name\":\"Accueil\",\"item\":\"https:\/\/www.dassaultwineestates.com\/en\/\"},{\"@type\":\"ListItem\",\"position\":2,\"name\":\"Homepage\"}]},{\"@type\":\"WebSite\",\"@id\":\"https:\/\/www.dassaultwineestates.com\/#website\",\"url\":\"https:\/\/www.dassaultwineestates.com\/\",\"name\":\"Dassault Wines\",\"description\":\"\",\"potentialAction\":[{\"@type\":\"SearchAction\",\"target\":{\"@type\":\"EntryPoint\",\"urlTemplate\":\"https:\/\/www.dassaultwineestates.com\/?s={search_term_string}\"},\"query-input\":{\"@type\":\"PropertyValueSpecification\",\"valueRequired\":true,\"valueName\":\"search_term_string\"}}],\"inLanguage\":\"en-US\"}]}<\/script>\n<!-- \/ Yoast SEO plugin. -->","yoast_head_json":{"title":"Dassault Wine Estates Two Grands Crus Class\u00e9s of Saint\u2011\u00c9milion","description":"Discover the two Grands Crus Class\u00e9s of the Dassault family in Saint-\u00c9milion: Ch\u00e2teau Dassault, Ch\u00e2teau Faurie de Souchard and the Ch\u00e2teau La Fleur, combining tradition, innovation, and sustainability.","robots":{"index":"index","follow":"follow","max-snippet":"max-snippet:-1","max-image-preview":"max-image-preview:large","max-video-preview":"max-video-preview:-1"},"canonical":"https:\/\/www.dassaultwineestates.com\/en\/","og_locale":"en_US","og_type":"article","og_title":"Dassault Wine Estates","og_description":"Discover the two Grands Crus Class\u00e9s of the Dassault family in Saint-\u00c9milion: Ch\u00e2teau Dassault, Ch\u00e2teau Faurie de Souchard and the Ch\u00e2teau La Fleur, combining tradition, innovation, and sustainability.","og_url":"https:\/\/www.dassaultwineestates.com\/en\/","og_site_name":"Dassault Wine Estates","article_modified_time":"2026-01-30T08:36:27+00:00","og_image":[{"width":469,"height":630,"url":"https:\/\/www.dassaultwineestates.com\/wp-content\/uploads\/2025\/04\/article-image-01.webp","type":"image\/webp"}],"twitter_card":"summary_large_image","twitter_title":"Dassault Wine Estates","twitter_description":"Discover the two Grands Crus Class\u00e9s of the Dassault family in Saint-\u00c9milion: Ch\u00e2teau Dassault, Ch\u00e2teau Faurie de Souchard and the Ch\u00e2teau La Fleur, combining tradition, innovation, and sustainability.","twitter_image":"https:\/\/www.dassaultwineestates.com\/wp-content\/uploads\/2025\/04\/article-image-01.webp","schema":{"@context":"https:\/\/schema.org","@graph":[{"@type":"WebPage","@id":"https:\/\/www.dassaultwineestates.com\/en\/","url":"https:\/\/www.dassaultwineestates.com\/en\/","name":"Dassault Wine Estates Two Grands Crus Class\u00e9s of Saint\u2011\u00c9milion","isPartOf":{"@id":"https:\/\/www.dassaultwineestates.com\/#website"},"datePublished":"2025-03-26T07:26:43+00:00","dateModified":"2026-01-30T08:36:27+00:00","description":"Discover the two Grands Crus Class\u00e9s of the Dassault family in Saint-\u00c9milion: Ch\u00e2teau Dassault, Ch\u00e2teau Faurie de Souchard and the Ch\u00e2teau La Fleur, combining tradition, innovation, and sustainability.","breadcrumb":{"@id":"https:\/\/www.dassaultwineestates.com\/en\/#breadcrumb"},"inLanguage":"en-US","potentialAction":[{"@type":"ReadAction","target":["https:\/\/www.dassaultwineestates.com\/en\/"]}]},{"@type":"BreadcrumbList","@id":"https:\/\/www.dassaultwineestates.com\/en\/#breadcrumb","itemListElement":[{"@type":"ListItem","position":1,"name":"Accueil","item":"https:\/\/www.dassaultwineestates.com\/en\/"},{"@type":"ListItem","position":2,"name":"Homepage"}]},{"@type":"WebSite","@id":"https:\/\/www.dassaultwineestates.com\/#website","url":"https:\/\/www.dassaultwineestates.com\/","name":"Dassault Wines","description":"","potentialAction":[{"@type":"SearchAction","target":{"@type":"EntryPoint","urlTemplate":"https:\/\/www.dassaultwineestates.com\/?s={search_term_string}"},"query-input":{"@type":"PropertyValueSpecification","valueRequired":true,"valueName":"search_term_string"}}],"inLanguage":"en-US"}]}},"_links":{"self":[{"href":"https:\/\/www.dassaultwineestates.com\/en\/wp-json\/wp\/v2\/pages\/660","targetHints":{"allow":["GET"]}}],"collection":[{"href":"https:\/\/www.dassaultwineestates.com\/en\/wp-json\/wp\/v2\/pages"}],"about":[{"href":"https:\/\/www.dassaultwineestates.com\/en\/wp-json\/wp\/v2\/types\/page"}],"author":[{"embeddable":true,"href":"https:\/\/www.dassaultwineestates.com\/en\/wp-json\/wp\/v2\/users\/1"}],"replies":[{"embeddable":true,"href":"https:\/\/www.dassaultwineestates.com\/en\/wp-json\/wp\/v2\/comments?post=660"}],"version-history":[{"count":16,"href":"https:\/\/www.dassaultwineestates.com\/en\/wp-json\/wp\/v2\/pages\/660\/revisions"}],"predecessor-version":[{"id":1024,"href":"https:\/\/www.dassaultwineestates.com\/en\/wp-json\/wp\/v2\/pages\/660\/revisions\/1024"}],"wp:attachment":[{"href":"https:\/\/www.dassaultwineestates.com\/en\/wp-json\/wp\/v2\/media?parent=660"}],"curies":[{"name":"wp","href":"https:\/\/api.w.org\/{rel}","templated":true}]}}